{"id":20,"date":"2021-11-08T16:07:27","date_gmt":"2021-11-08T15:07:27","guid":{"rendered":"https:\/\/findynamicwebsite.jumpgroup.it\/es\/?page_id=20"},"modified":"2021-11-08T16:07:27","modified_gmt":"2021-11-08T15:07:27","slug":"privacy-policy","status":"publish","type":"page","link":"https:\/\/www.findynamic.com\/es\/privacy-policy\/","title":{"rendered":"Privacy Policy"},"content":{"rendered":"\n<h2 class=\"wp-block-heading\">SOBRE NOSOTROS<\/h2>\n\n\n\n<p>Findynamic S.r.l., (en adelante \u00abFindynamic\u00bb), considera de fundamental importancia la protecci\u00f3n de los datos personales de sus clientes y usuarios, garantizando que el tratamiento de los datos personales, realizado por cualquier medio, ya sea automatizado o manual, se realice con pleno respeto a las protecciones y derechos reconocidos por el Reglamento (UE) 2016\/679 del Parlamento Europeo y del Consejo, de 27 de abril de 2016, relativo a la protecci\u00f3n de las personas f\u00edsicas en lo que respecta al tratamiento de datos personales y a la libre circulaci\u00f3n de estos datos (en adelante, el \u00abReglamento\u00bb) y por otras normas aplicables en materia de protecci\u00f3n de datos personales.&nbsp;&nbsp; A efectos del presente documento, el responsable del tratamiento es la empresa Findynamic S.r.l., en la persona de su representante legal pro-tempore.<\/p>\n\n\n\n<p>Sede social: Mil\u00e1n, Piazza Cavour 3, 20121<\/p>\n\n\n\n<p>C\u00d3DIGO FISCAL \/P.I. 09505650961<\/p>\n\n\n\n<p>Direcci\u00f3n del PEC: findynamic@legalmail.it <\/p>\n\n\n\n<p>Esta informaci\u00f3n se refiere al sitio web: www.findynamic.com (en adelante, el \u00abSitio\u00bb).&nbsp;<\/p>\n\n\n\n<h3 class=\"wp-block-heading\">1. POR QU\u00c9 ESTE DOCUMENTO<\/h3>\n\n\n\n<p>A efectos del presente documento, el t\u00e9rmino datos personales se refiere a la definici\u00f3n contenida en el apartado 1 del art\u00edculo 4 del Reglamento, es decir, \u00abtoda informaci\u00f3n sobre una persona f\u00edsica identificada o identificable\u00bb; una persona identificable es una persona f\u00edsica que puede ser identificada, directa o indirectamente, por referencia a un identificador como un nombre, un n\u00famero de identificaci\u00f3n, datos de localizaci\u00f3n, un identificador en l\u00ednea o a uno o m\u00e1s factores espec\u00edficos de su condici\u00f3n f\u00edsica, fisiol\u00f3gica, gen\u00e9tica (en adelante, \u00abDatos Personales\u00bb) El Reglamento establece que, antes de tratar los Datos Personales -que se definen en el apartado 2 del art\u00edculo 4 del Reglamento como \u00abcualquier operaci\u00f3n o conjunto de operaciones, realizadas con o sin ayuda de procesos automatizados y aplicadas a datos personales o conjuntos de datos personales, como la recogida, el registro, la organizaci\u00f3n, la estructuraci\u00f3n, el almacenamiento, la adaptaci\u00f3n o la modificaci\u00f3n, la recuperaci\u00f3n, la consulta, la utilizaci\u00f3n, la divulgaci\u00f3n por transmisi\u00f3n, la difusi\u00f3n o cualquier otra forma de puesta a disposici\u00f3n, comparaci\u00f3n o interconexi\u00f3n, restricci\u00f3n, borrado o destrucci\u00f3n\u00bb (en adelante, el \u00abTratamiento\u00bb), es necesario que la persona a la que pertenecen dichos Datos Personales (en adelante, el \u00abTitular\u00bb) sea informada de las razones por las que se requieren dichos datos y de c\u00f3mo se utilizar\u00e1n.&nbsp;&nbsp; El objetivo de este documento es, por tanto, proporcionarle, de forma sencilla y clara, toda la informaci\u00f3n que le sea \u00fatil para que pueda comunicarnos sus Datos Personales de forma consciente e informada y, en cualquier momento, solicitar y obtener aclaraciones y\/o rectificaciones y ejercer sus derechos.&nbsp;&nbsp; Si es necesario, este aviso puede ir acompa\u00f1ado de un formulario de consentimiento seg\u00fan lo previsto en el art\u00edculo 7 del Reglamento, en funci\u00f3n del uso que pretendamos hacer de sus Datos Personales.&nbsp;&nbsp;<\/p>\n\n\n\n<h3 class=\"wp-block-heading\">2. A QUI\u00c9N PUEDE DIRIGIR SUS PETICIONES<\/h3>\n\n\n\n<p>Para facilitar la relaci\u00f3n entre usted, como interesado, y Findynamic, como responsable del tratamiento, puede enviar un correo electr\u00f3nico a la siguiente direcci\u00f3n privacy@findynamic.com.&nbsp;&nbsp; Puede dirigirse libremente a esta direcci\u00f3n para todo lo relacionado con el tratamiento de sus datos personales y\/o si desea ejercer sus derechos.<\/p>\n\n\n\n<h3 class=\"wp-block-heading\">3. \u00bfCON QU\u00c9 FINES SE TRATAR\u00c1N MIS DATOS PERSONALES?<\/h3>\n\n\n\n<p>Sus datos personales ser\u00e1n tratados para los siguientes fines:<br><\/p>\n\n\n\n<ol><li>Para la gesti\u00f3n operativa de nuestro Sitio. Esto significa que procesamos sus Datos Personales (especialmente los Datos que recogemos autom\u00e1ticamente cuando usted navega) para permitir que el Sitio que est\u00e1 utilizando funcione y para mejorar su rendimiento.<\/li><li>Para gestionar la seguridad de sus datos y de nuestro sitio. Garantizar la seguridad de sus datos y del sitio es nuestra obligaci\u00f3n contractual y legal. Nos esforzamos por hacer de nuestros espacios web un lugar cada vez m\u00e1s seguro para nuestros usuarios.<\/li><li>Para el tratamiento de estad\u00edsticas. Findynamic realiza, incluso mediante el uso de servicios prestados por terceros, an\u00e1lisis estad\u00edsticos sobre el uso de su Sitio. Estos an\u00e1lisis se realizan a nivel agregado y, por tanto, an\u00f3nimo, y nos permiten conocer aspectos fundamentales relacionados con el uso del Sitio Web, sin los cuales no podr\u00edamos mejorar o actualizar los servicios que ofrecemos.<\/li><li>Protecci\u00f3n o defensa de reclamaciones legales. Podemos tratar sus datos personales para proteger o defender nuestros derechos ante un tribunal u otra autoridad competente.<\/li><li>Cumplir con nuestras obligaciones en virtud de las leyes o reglamentos aplicables. Esto significa que cuando la ley nos impone ciertas obligaciones que nos obligan a tratar sus Datos Personales, debemos hacerlo para los fines previstos por la ley.<\/li><li>Prestaci\u00f3n de servicios solicitados e informaci\u00f3n sobre nuevos servicios. Siempre que quiera utilizar los servicios que le ofrecemos, trataremos sus Datos Personales para proporcionarle lo que nos pide y, por tanto, trataremos sus Datos para cumplir con nuestras obligaciones contractuales.<\/li><\/ol>\n\n\n\n<h3 class=\"wp-block-heading\">4. \u00bfA QU\u00c9 ENTIDADES SE COMUNICAR\u00c1N MIS DATOS PERSONALES?<br><\/h3>\n\n\n\n<p>Sus Datos Personales pueden ser comunicados a destinatarios espec\u00edficos, incluyendo a los empleados y colaboradores de Findynamic, a quienes se les comunican los Datos para permitirnos realizar adecuadamente todas las actividades de Procesamiento descritas en el presente documento. Por destinatarios, el Reglamento entiende: \u00abla persona f\u00edsica o jur\u00eddica, autoridad p\u00fablica, servicio u otro organismo que recibe la comunicaci\u00f3n de datos personales, sea o no un tercero\u00bb (en adelante, los \u00abDestinatarios\u00bb). Dichos destinatarios podr\u00e1n tratar sus datos personales en calidad de encargados del tratamiento o de personas autorizadas o designadas.<\/p>\n\n\n\n<p><br>En caso de ser requerido por la ley o para prevenir o reprimir la comisi\u00f3n de actos il\u00edcitos o delitos, sus Datos Personales podr\u00e1n ser comunicados a organismos p\u00fablicos o autoridades judiciales sin que tengan la consideraci\u00f3n de Destinatarios (de acuerdo con el art\u00edculo 4, n\u00famero 9, del GDPR) y, por tanto, sin que reciban instrucciones sobre el Tratamiento que deber\u00e1n realizar. Para obtener m\u00e1s informaci\u00f3n sobre las entidades a las que se pueden revelar sus datos, p\u00f3ngase en contacto con nosotros en la siguiente direcci\u00f3n de correo electr\u00f3nico<\/p>\n\n\n\n<h3 class=\"wp-block-heading\">5. \u00bfDURANTE CU\u00c1NTO TIEMPO SE TRATAR\u00c1N MIS DATOS PERSONALES?<\/h3>\n\n\n\n<p>El Reglamento establece que sus datos personales deben \u00abconservarse en una forma que permita la identificaci\u00f3n de los interesados durante un per\u00edodo no superior al necesario para los fines para los que se tratan los datos; los datos personales podr\u00e1n conservarse durante per\u00edodos m\u00e1s largos siempre que se traten \u00fanicamente para su archivo en inter\u00e9s p\u00fablico, para la investigaci\u00f3n cient\u00edfica o hist\u00f3rica o para fines estad\u00edsticos de conformidad con el apartado 1 del art\u00edculo 89, sin perjuicio de la aplicaci\u00f3n de las medidas t\u00e9cnicas y organizativas apropiadas exigidas por el presente Reglamento para proteger los derechos y libertades del interesado\u00bb (v\u00e9ase la letra e) del apartado 1 del art\u00edculo 5 del Reglamento). 5 apartado 1 letra e) del Reglamento).&nbsp;&nbsp; En este sentido, tenga en cuenta que, en cumplimiento de este principio, trataremos sus Datos s\u00f3lo durante el tiempo necesario para perseguir los fines de tratamiento enumerados en el apartado D de este documento.&nbsp;&nbsp; En particular, sus Datos Personales ser\u00e1n tratados durante un periodo de tiempo igual al m\u00ednimo necesario, tal y como indica el Considerando 39 del Reglamento, es decir, hasta la finalizaci\u00f3n de la relaci\u00f3n contractual existente entre usted y el Responsable del Tratamiento, sin perjuicio de un periodo de almacenamiento adicional que pueda ser impuesto por la ley, tal y como tambi\u00e9n establece el Considerando 65 del Reglamento.<br><\/p>\n\n\n\n<h3 class=\"wp-block-heading\">6. \u00bfCU\u00c1LES SON MIS DERECHOS?<\/h3>\n\n\n\n<p><br>El Reglamento le garantiza el ejercicio de numerosos derechos, que resumimos a continuaci\u00f3n:<br><\/p>\n\n\n\n<ul><li>Derecho de acceso: tiene derecho a saber, entre otras cosas, qu\u00e9 datos personales tratamos, con qu\u00e9 fines los tratamos, a qui\u00e9n los revelamos y tiene derecho a obtener una copia de los mismos.<\/li><li>Derecho a retirar el consentimiento: si nos ha dado su consentimiento, puede retirarlo en cualquier momento poni\u00e9ndose en contacto con nosotros en privacy@findynamic.com. La revocaci\u00f3n de su consentimiento no afecta a la legitimidad del tratamiento realizado hasta ese momento.<\/li><li>Derecho de rectificaci\u00f3n: si se da cuenta de que alg\u00fan dato personal que nos ha comunicado es incorrecto o incompleto, corregiremos el error o completaremos la informaci\u00f3n que poseemos.<\/li><li>Derecho de supresi\u00f3n: puede solicitar la supresi\u00f3n de sus Datos Personales a menos que: estemos obligados por ley a conservarlos, o necesitemos los Datos para probar un acto il\u00edcito y defendernos ante un tribunal, o necesitemos utilizarlos por razones importantes de inter\u00e9s p\u00fablico.<\/li><li>Derecho a restringir el tratamiento: si solicita que se restrinja el tratamiento de sus Datos, nos impide tratarlos para los fines para los que fueron recogidos. Esto implica que nos limitaremos a conservar sus datos y le pediremos su consentimiento siempre que necesitemos procesarlos para cualquier otro fin. Aunque haya ejercido este derecho, tenga en cuenta que sus datos pueden seguir siendo tratados para el ejercicio o la defensa de reclamaciones legales, para proteger los derechos de otra persona o por razones importantes de inter\u00e9s p\u00fablico.<\/li><li>Derecho a la portabilidad de los datos: usted puede, en cualquier momento, solicitar y recibir sus Datos Personales en un formato estructurado, de uso com\u00fan y legible en su dispositivo para transferirlos directamente a otro responsable del tratamiento.<\/li><li>Derecho a reclamar ante la autoridad de control: sin perjuicio de su derecho a proteger sus intereses en los \u00f3rganos judiciales competentes, tiene derecho a reclamar ante la Autoridad de Protecci\u00f3n de Datos competente (en Italia, el Garante).<\/li><\/ul>\n\n\n\n<h3 class=\"wp-block-heading\">7. \u00bfD\u00d3NDE SE TRATAN MIS DATOS PERSONALES?<\/h3>\n\n\n\n<p>Sus Datos Personales ser\u00e1n tratados principalmente dentro del Espacio Econ\u00f3mico Europeo y no se transfieren, salvo necesidades operativas espec\u00edficas, fuera del territorio europeo. En caso de que sea necesario utilizar los servicios de terceros situados fuera del territorio europeo, le informamos de que:<\/p>\n\n\n\n<ul><li>hemos designado a dichos terceros como encargados del tratamiento de su competencia de conformidad con el art\u00edculo 28 del Reglamento<\/li><li>la transferencia de sus Datos Personales a dichas entidades se realizar\u00e1 en estricto cumplimiento de lo dispuesto en los art\u00edculos 44 y siguientes del Reglamento.&nbsp;&nbsp; Esto le asegura que se tomar\u00e1n todas las medidas necesarias para garantizar la m\u00e1xima protecci\u00f3n de sus Datos Personales, ya que dicha transferencia se basar\u00e1 en acuerdos contractuales u otras bases legales apropiadas dise\u00f1adas para proteger sus derechos e intereses.<\/li><\/ul>\n","protected":false},"excerpt":{"rendered":"<p>SOBRE NOSOTROS Findynamic S.r.l., (en adelante \u00abFindynamic\u00bb), considera de fundamental importancia la protecci\u00f3n de los datos personales de sus clientes y usuarios, garantizando que el tratamiento de los datos personales, &hellip;<\/p>\n","protected":false},"author":1,"featured_media":0,"parent":0,"menu_order":0,"comment_status":"closed","ping_status":"closed","template":"","meta":{"inline_featured_image":false,"footnotes":""},"_links":{"self":[{"href":"https:\/\/www.findynamic.com\/es\/wp-json\/wp\/v2\/pages\/20"}],"collection":[{"href":"https:\/\/www.findynamic.com\/es\/wp-json\/wp\/v2\/pages"}],"about":[{"href":"https:\/\/www.findynamic.com\/es\/wp-json\/wp\/v2\/types\/page"}],"author":[{"embeddable":true,"href":"https:\/\/www.findynamic.com\/es\/wp-json\/wp\/v2\/users\/1"}],"replies":[{"embeddable":true,"href":"https:\/\/www.findynamic.com\/es\/wp-json\/wp\/v2\/comments?post=20"}],"version-history":[{"count":1,"href":"https:\/\/www.findynamic.com\/es\/wp-json\/wp\/v2\/pages\/20\/revisions"}],"predecessor-version":[{"id":21,"href":"https:\/\/www.findynamic.com\/es\/wp-json\/wp\/v2\/pages\/20\/revisions\/21"}],"wp:attachment":[{"href":"https:\/\/www.findynamic.com\/es\/wp-json\/wp\/v2\/media?parent=20"}],"curies":[{"name":"wp","href":"https:\/\/api.w.org\/{rel}","templated":true}]}}